{"id":28,"date":"2024-08-01T10:21:37","date_gmt":"2024-08-01T14:21:37","guid":{"rendered":"https:\/\/bioflash.ca\/?page_id=28"},"modified":"2024-08-30T09:05:05","modified_gmt":"2024-08-30T13:05:05","slug":"a-propos-de-bioflash","status":"publish","type":"page","link":"https:\/\/bioflash.ca\/en\/a-propos-de-bioflash\/","title":{"rendered":"Bioflash - who are we?"},"content":{"rendered":"<div class=\"wp-block-group alignfull has-global-padding is-layout-constrained wp-container-core-group-is-layout-2 wp-block-group-is-layout-constrained\" style=\"margin-top:0;margin-bottom:0;padding-top:var(--wp--preset--spacing--30);padding-right:var(--wp--preset--spacing--50);padding-bottom:var(--wp--preset--spacing--60);padding-left:var(--wp--preset--spacing--50)\"><div class=\"wp-block-columns alignwide are-vertically-aligned-center is-layout-flex wp-container-core-columns-is-layout-1 wp-block-columns-is-layout-flex\"><div class=\"wp-block-column is-vertically-aligned-center is-layout-flow wp-block-column-is-layout-flow\" style=\"flex-basis:50%\"><div class=\"wp-block-group is-layout-flow wp-container-core-group-is-layout-1 wp-block-group-is-layout-flow\"><h2 class=\"wp-block-heading\">The beginning:<\/h2>\n\n<p>Following the discovery of how to extract krill oil and its characterization, we decided to create our company Bioflash Inc. Professor Beaudoin, after having trained numerous students at the higher level, left the University of Sherbrooke to concentrate on his inventions. At the same time, Luc Beaudoin worked in the field of product and process development in the paper and food sectors and in the industrial field in continuous improvement and energy efficiency.<\/p><\/div><\/div>\n\n<div class=\"wp-block-column is-vertically-aligned-center is-layout-flow wp-block-column-is-layout-flow\" style=\"padding-right:0;flex-basis:50%\"><figure class=\"wp-block-image size-full is-style-rounded fade-on-scroll is-style-rounded--6c1963e00e1425811004a232451899f0\"><img loading=\"lazy\" decoding=\"async\" width=\"2048\" height=\"1365\" src=\"https:\/\/bioflash.ca\/wp-content\/uploads\/2024\/08\/popof-presente02.jpg\" alt=\"Photo d'Andrien Beaudon\" class=\"wp-image-613\" style=\"aspect-ratio:3\/2;object-fit:cover\" srcset=\"https:\/\/bioflash.ca\/wp-content\/uploads\/2024\/08\/popof-presente02.jpg 2048w, https:\/\/bioflash.ca\/wp-content\/uploads\/2024\/08\/popof-presente02-300x200.jpg 300w, https:\/\/bioflash.ca\/wp-content\/uploads\/2024\/08\/popof-presente02-1024x683.jpg 1024w, https:\/\/bioflash.ca\/wp-content\/uploads\/2024\/08\/popof-presente02-768x512.jpg 768w, https:\/\/bioflash.ca\/wp-content\/uploads\/2024\/08\/popof-presente02-1536x1024.jpg 1536w, https:\/\/bioflash.ca\/wp-content\/uploads\/2024\/08\/popof-presente02-18x12.jpg 18w, https:\/\/bioflash.ca\/wp-content\/uploads\/2024\/08\/popof-presente02-600x400.jpg 600w\" sizes=\"(max-width: 2048px) 100vw, 2048px\" \/><\/figure><\/div><\/div><\/div><div class=\"wp-block-group alignfull has-base-2-background-color has-background has-global-padding is-layout-constrained wp-container-core-group-is-layout-4 wp-block-group-is-layout-constrained\" style=\"margin-top:0;margin-bottom:0;padding-top:var(--wp--preset--spacing--60);padding-right:var(--wp--preset--spacing--50);padding-bottom:var(--wp--preset--spacing--60);padding-left:var(--wp--preset--spacing--50)\"><div class=\"wp-block-columns alignwide are-vertically-aligned-center is-layout-flex wp-container-core-columns-is-layout-2 wp-block-columns-is-layout-flex\"><div class=\"wp-block-column is-vertically-aligned-center is-layout-flow wp-block-column-is-layout-flow\" style=\"padding-right:0;flex-basis:50%\"><figure class=\"wp-block-image size-full is-style-rounded fade-on-scroll is-style-rounded--f6439d1cb46b55a0a0e853e7000d85bf\"><img loading=\"lazy\" decoding=\"async\" width=\"1024\" height=\"585\" src=\"https:\/\/bioflash.ca\/wp-content\/uploads\/2024\/08\/1024px-Meganyctiphanes_norvegica2.jpg\" alt=\"Krill nageant dans l'eau\" class=\"wp-image-616\" style=\"aspect-ratio:3\/2;object-fit:cover\" srcset=\"https:\/\/bioflash.ca\/wp-content\/uploads\/2024\/08\/1024px-Meganyctiphanes_norvegica2.jpg 1024w, https:\/\/bioflash.ca\/wp-content\/uploads\/2024\/08\/1024px-Meganyctiphanes_norvegica2-300x171.jpg 300w, https:\/\/bioflash.ca\/wp-content\/uploads\/2024\/08\/1024px-Meganyctiphanes_norvegica2-768x439.jpg 768w, https:\/\/bioflash.ca\/wp-content\/uploads\/2024\/08\/1024px-Meganyctiphanes_norvegica2-18x10.jpg 18w, https:\/\/bioflash.ca\/wp-content\/uploads\/2024\/08\/1024px-Meganyctiphanes_norvegica2-600x343.jpg 600w\" sizes=\"(max-width: 1024px) 100vw, 1024px\" \/><\/figure><\/div>\n\n<div class=\"wp-block-column is-vertically-aligned-center is-layout-flow wp-block-column-is-layout-flow\" style=\"flex-basis:50%\"><div class=\"wp-block-group is-layout-flow wp-container-core-group-is-layout-3 wp-block-group-is-layout-flow\"><h2 class=\"wp-block-heading\">Krill Oil Pioneers<\/h2>\n\n<p>Drs Beaudoin and Martin in 1997 invented the first process for extracting krill oil, which is considered the most effective omega-3 fatty acid oil on the market. Krill oil represents a market measured in billions of dollars. Neptune Technologies Bioressources is the first company to put krill oil on the market (patents).<\/p><\/div><\/div><\/div><\/div><div class=\"wp-block-group alignfull has-global-padding is-layout-constrained wp-container-core-group-is-layout-6 wp-block-group-is-layout-constrained\" style=\"margin-top:0;margin-bottom:0;padding-top:var(--wp--preset--spacing--60);padding-right:var(--wp--preset--spacing--50);padding-bottom:var(--wp--preset--spacing--60);padding-left:var(--wp--preset--spacing--50)\"><div class=\"wp-block-columns alignwide are-vertically-aligned-center is-layout-flex wp-container-core-columns-is-layout-3 wp-block-columns-is-layout-flex\"><div class=\"wp-block-column is-vertically-aligned-center is-layout-flow wp-block-column-is-layout-flow\" style=\"flex-basis:50%\"><div class=\"wp-block-group is-layout-flow wp-container-core-group-is-layout-5 wp-block-group-is-layout-flow\"><h2 class=\"wp-block-heading\">Extraction of native collagen<\/h2>\n\n<p>DRs Beaudoin and Benrezak have developed a new process for extracting native collagen (industrial secret).<\/p><\/div><\/div>\n\n<div class=\"wp-block-column is-vertically-aligned-center is-layout-flow wp-block-column-is-layout-flow\" style=\"padding-right:0;flex-basis:50%\"><figure class=\"wp-block-image size-full is-style-rounded fade-on-scroll is-style-rounded--4b050d763ddd3ac65774ca523c034742\"><img loading=\"lazy\" decoding=\"async\" width=\"2048\" height=\"1365\" src=\"https:\/\/bioflash.ca\/wp-content\/uploads\/2024\/08\/popof-presente01.jpg\" alt=\"\" class=\"wp-image-614\" style=\"aspect-ratio:3\/2;object-fit:cover\" srcset=\"https:\/\/bioflash.ca\/wp-content\/uploads\/2024\/08\/popof-presente01.jpg 2048w, https:\/\/bioflash.ca\/wp-content\/uploads\/2024\/08\/popof-presente01-300x200.jpg 300w, https:\/\/bioflash.ca\/wp-content\/uploads\/2024\/08\/popof-presente01-1024x683.jpg 1024w, https:\/\/bioflash.ca\/wp-content\/uploads\/2024\/08\/popof-presente01-768x512.jpg 768w, https:\/\/bioflash.ca\/wp-content\/uploads\/2024\/08\/popof-presente01-1536x1024.jpg 1536w, https:\/\/bioflash.ca\/wp-content\/uploads\/2024\/08\/popof-presente01-18x12.jpg 18w, https:\/\/bioflash.ca\/wp-content\/uploads\/2024\/08\/popof-presente01-600x400.jpg 600w\" sizes=\"(max-width: 2048px) 100vw, 2048px\" \/><\/figure><\/div><\/div><\/div><div class=\"wp-block-group alignfull has-base-2-background-color has-background has-global-padding is-layout-constrained wp-container-core-group-is-layout-8 wp-block-group-is-layout-constrained\" style=\"margin-top:0;margin-bottom:0;padding-top:var(--wp--preset--spacing--60);padding-right:var(--wp--preset--spacing--50);padding-bottom:var(--wp--preset--spacing--60);padding-left:var(--wp--preset--spacing--50)\"><div class=\"wp-block-columns alignwide are-vertically-aligned-center is-layout-flex wp-container-core-columns-is-layout-4 wp-block-columns-is-layout-flex\"><div class=\"wp-block-column is-vertically-aligned-center is-layout-flow wp-block-column-is-layout-flow\" style=\"padding-right:0;flex-basis:50%\"><figure class=\"wp-block-image size-full is-style-rounded fade-on-scroll is-style-rounded--7fc304eecc0ef44b13a614c2871b4e81\"><img loading=\"lazy\" decoding=\"async\" width=\"1280\" height=\"853\" src=\"https:\/\/bioflash.ca\/wp-content\/uploads\/2024\/08\/pexels-leohoho-8441517.jpg\" alt=\"\" class=\"wp-image-787\" style=\"aspect-ratio:3\/2;object-fit:cover\" srcset=\"https:\/\/bioflash.ca\/wp-content\/uploads\/2024\/08\/pexels-leohoho-8441517.jpg 1280w, https:\/\/bioflash.ca\/wp-content\/uploads\/2024\/08\/pexels-leohoho-8441517-300x200.jpg 300w, https:\/\/bioflash.ca\/wp-content\/uploads\/2024\/08\/pexels-leohoho-8441517-1024x682.jpg 1024w, https:\/\/bioflash.ca\/wp-content\/uploads\/2024\/08\/pexels-leohoho-8441517-768x512.jpg 768w, https:\/\/bioflash.ca\/wp-content\/uploads\/2024\/08\/pexels-leohoho-8441517-18x12.jpg 18w, https:\/\/bioflash.ca\/wp-content\/uploads\/2024\/08\/pexels-leohoho-8441517-600x400.jpg 600w\" sizes=\"(max-width: 1280px) 100vw, 1280px\" \/><\/figure><\/div>\n\n<div class=\"wp-block-column is-vertically-aligned-center is-layout-flow wp-block-column-is-layout-flow\" style=\"flex-basis:50%\"><div class=\"wp-block-group is-layout-flow wp-container-core-group-is-layout-7 wp-block-group-is-layout-flow\"><h2 class=\"wp-block-heading\">NOXvp - a super antioxidant<\/h2>\n\n<p class=\"link-underline-transition\">Dr Beaudoin developed with R. Boudreault a combination of ingredients with the property of neutralizing free radicals in oils (patents). It is included in the <a href=\"https:\/\/www.oceanplus.info\/\" target=\"_blank\" rel=\"noreferrer noopener\"><strong>Ocean+Omega-3 product<\/strong><\/a>.<\/p><\/div><\/div><\/div><\/div><div class=\"wp-block-group alignfull has-global-padding is-layout-constrained wp-container-core-group-is-layout-11 wp-block-group-is-layout-constrained\" style=\"margin-top:0;margin-bottom:0;padding-top:var(--wp--preset--spacing--60);padding-right:var(--wp--preset--spacing--50);padding-bottom:var(--wp--preset--spacing--60);padding-left:var(--wp--preset--spacing--50)\"><div class=\"wp-block-columns alignwide are-vertically-aligned-center is-layout-flex wp-container-core-columns-is-layout-5 wp-block-columns-is-layout-flex\"><div class=\"wp-block-column is-vertically-aligned-center is-layout-flow wp-block-column-is-layout-flow\" style=\"flex-basis:50%\"><div class=\"wp-block-group is-layout-flow wp-container-core-group-is-layout-10 wp-block-group-is-layout-flow\"><h2 class=\"wp-block-heading\">New direction, in 1999<\/h2>\n\n<div class=\"wp-block-group has-global-padding is-layout-constrained wp-block-group-is-layout-constrained\"><p>Bioflash has focused its research on brain disorders and diseases using a new approach. The research themes are; attention deficit, anxiety and depression, and the development of an original treatment for Alzheimer's disease based on a key observation in transgenic mice that simulate this disease.<\/p>\n\n<p class=\"link-underline-transition\">Dr Beaudoin and Luc Beaudoin have obtained patents for a \"\u00a0<a href=\"https:\/\/bioflash.ca\/en\/categorie-produit\/synapset\/\"><strong>Synapset<\/strong><\/a>\u00a0\" TM formula which makes it possible to fill the deficiencies observed in individuals suffering from attention deficit with or without hyperaggression.<\/p><\/div><\/div><\/div>\n\n<div class=\"wp-block-column is-vertically-aligned-center is-layout-flow wp-block-column-is-layout-flow\" style=\"padding-right:0;flex-basis:50%\"><figure class=\"wp-block-image size-full is-style-rounded fade-on-scroll is-style-rounded--a106e21c2c5f5f76e8581dffd8812f58\"><img loading=\"lazy\" decoding=\"async\" width=\"1190\" height=\"1040\" src=\"https:\/\/bioflash.ca\/wp-content\/uploads\/2024\/08\/prod-synapset-adult-CA-02.png\" alt=\"\" class=\"wp-image-169\" style=\"aspect-ratio:1;object-fit:contain\" srcset=\"https:\/\/bioflash.ca\/wp-content\/uploads\/2024\/08\/prod-synapset-adult-CA-02.png 1190w, https:\/\/bioflash.ca\/wp-content\/uploads\/2024\/08\/prod-synapset-adult-CA-02-300x262.png 300w, https:\/\/bioflash.ca\/wp-content\/uploads\/2024\/08\/prod-synapset-adult-CA-02-1024x895.png 1024w, https:\/\/bioflash.ca\/wp-content\/uploads\/2024\/08\/prod-synapset-adult-CA-02-768x671.png 768w, https:\/\/bioflash.ca\/wp-content\/uploads\/2024\/08\/prod-synapset-adult-CA-02-600x524.png 600w\" sizes=\"(max-width: 1190px) 100vw, 1190px\" \/><\/figure><\/div><\/div><\/div>","protected":false},"excerpt":{"rendered":"<p>Le d\u00e9but : Suite \u00e0 la d\u00e9couverte de la fa\u00e7on d\u2019extraire l\u2019huile de krill et sa caract\u00e9risation, nous avons d\u00e9cid\u00e9 de fonder la Cie Bioflash Inc. Le professeur Beaudoin apr\u00e8s avoir form\u00e9 de nombreux \u00e9tudiants au niveau sup\u00e9rieur a quitt\u00e9 l\u2019Universit\u00e9 de Sherbrooke pour se concentrer sur ses inventions. En parall\u00e8lle, Luc Beaudoin a \u0153uvr\u00e9 [&hellip;]<\/p>","protected":false},"author":1,"featured_media":0,"parent":0,"menu_order":0,"comment_status":"closed","ping_status":"closed","template":"","meta":{"footnotes":""},"class_list":["post-28","page","type-page","status-publish","hentry"],"yoast_head":"<!-- This site is optimized with the Yoast SEO plugin v23.3 - https:\/\/yoast.com\/wordpress\/plugins\/seo\/ -->\n<title>\u00c0 propos de Bioflash - Bioflash<\/title>\n<meta name=\"description\" content=\"Bioflash, innovateurs en neurosciences et pionniers de l\u2019huile de krill. D\u00e9veloppeurs de la formule Synapset pour traiter les d\u00e9ficits d\u2019attention et d\u2019autres troubles cognitifs.\" \/>\n<meta name=\"robots\" content=\"index, follow, max-snippet:-1, max-image-preview:large, max-video-preview:-1\" \/>\n<link rel=\"canonical\" href=\"https:\/\/bioflash.ca\/en\/a-propos-de-bioflash\/\" \/>\n<meta property=\"og:locale\" content=\"en_US\" \/>\n<meta property=\"og:type\" content=\"article\" \/>\n<meta property=\"og:title\" content=\"\u00c0 propos de Bioflash - Bioflash\" \/>\n<meta property=\"og:description\" content=\"Bioflash, innovateurs en neurosciences et pionniers de l\u2019huile de krill. D\u00e9veloppeurs de la formule Synapset pour traiter les d\u00e9ficits d\u2019attention et d\u2019autres troubles cognitifs.\" \/>\n<meta property=\"og:url\" content=\"https:\/\/bioflash.ca\/en\/a-propos-de-bioflash\/\" \/>\n<meta property=\"og:site_name\" content=\"Bioflash\" \/>\n<meta property=\"article:modified_time\" content=\"2024-08-30T13:05:05+00:00\" \/>\n<meta property=\"og:image\" content=\"https:\/\/bioflash.ca\/wp-content\/uploads\/2024\/08\/popof-presente02.jpg\" \/>\n<meta name=\"twitter:card\" content=\"summary_large_image\" \/>\n<meta name=\"twitter:label1\" content=\"Est. reading time\" \/>\n\t<meta name=\"twitter:data1\" content=\"3 minutes\" \/>\n<script type=\"application\/ld+json\" class=\"yoast-schema-graph\">{\"@context\":\"https:\/\/schema.org\",\"@graph\":[{\"@type\":\"WebPage\",\"@id\":\"https:\/\/bioflash.ca\/a-propos-de-bioflash\/\",\"url\":\"https:\/\/bioflash.ca\/a-propos-de-bioflash\/\",\"name\":\"\u00c0 propos de Bioflash - Bioflash\",\"isPartOf\":{\"@id\":\"https:\/\/bioflash.ca\/#website\"},\"primaryImageOfPage\":{\"@id\":\"https:\/\/bioflash.ca\/a-propos-de-bioflash\/#primaryimage\"},\"image\":{\"@id\":\"https:\/\/bioflash.ca\/a-propos-de-bioflash\/#primaryimage\"},\"thumbnailUrl\":\"https:\/\/bioflash.ca\/wp-content\/uploads\/2024\/08\/popof-presente02.jpg\",\"datePublished\":\"2024-08-01T14:21:37+00:00\",\"dateModified\":\"2024-08-30T13:05:05+00:00\",\"description\":\"Bioflash, innovateurs en neurosciences et pionniers de l\u2019huile de krill. D\u00e9veloppeurs de la formule Synapset pour traiter les d\u00e9ficits d\u2019attention et d\u2019autres troubles cognitifs.\",\"breadcrumb\":{\"@id\":\"https:\/\/bioflash.ca\/a-propos-de-bioflash\/#breadcrumb\"},\"inLanguage\":\"en-US\",\"potentialAction\":[{\"@type\":\"ReadAction\",\"target\":[\"https:\/\/bioflash.ca\/a-propos-de-bioflash\/\"]}]},{\"@type\":\"ImageObject\",\"inLanguage\":\"en-US\",\"@id\":\"https:\/\/bioflash.ca\/a-propos-de-bioflash\/#primaryimage\",\"url\":\"https:\/\/bioflash.ca\/wp-content\/uploads\/2024\/08\/popof-presente02.jpg\",\"contentUrl\":\"https:\/\/bioflash.ca\/wp-content\/uploads\/2024\/08\/popof-presente02.jpg\"},{\"@type\":\"BreadcrumbList\",\"@id\":\"https:\/\/bioflash.ca\/a-propos-de-bioflash\/#breadcrumb\",\"itemListElement\":[{\"@type\":\"ListItem\",\"position\":1,\"name\":\"Home\",\"item\":\"https:\/\/bioflash.ca\/\"},{\"@type\":\"ListItem\",\"position\":2,\"name\":\"Bioflash &#8211; qui sommes-nous?\"}]},{\"@type\":\"WebSite\",\"@id\":\"https:\/\/bioflash.ca\/#website\",\"url\":\"https:\/\/bioflash.ca\/\",\"name\":\"Bioflash\",\"description\":\"Allume avec Bioflash\",\"publisher\":{\"@id\":\"https:\/\/bioflash.ca\/#organization\"},\"potentialAction\":[{\"@type\":\"SearchAction\",\"target\":{\"@type\":\"EntryPoint\",\"urlTemplate\":\"https:\/\/bioflash.ca\/?s={search_term_string}\"},\"query-input\":\"required name=search_term_string\"}],\"inLanguage\":\"en-US\"},{\"@type\":\"Organization\",\"@id\":\"https:\/\/bioflash.ca\/#organization\",\"name\":\"Bioflash\",\"url\":\"https:\/\/bioflash.ca\/\",\"logo\":{\"@type\":\"ImageObject\",\"inLanguage\":\"en-US\",\"@id\":\"https:\/\/bioflash.ca\/#\/schema\/logo\/image\/\",\"url\":\"https:\/\/bioflash.ca\/wp-content\/uploads\/2024\/08\/logo-transp-oval.gif\",\"contentUrl\":\"https:\/\/bioflash.ca\/wp-content\/uploads\/2024\/08\/logo-transp-oval.gif\",\"width\":341,\"height\":440,\"caption\":\"Bioflash\"},\"image\":{\"@id\":\"https:\/\/bioflash.ca\/#\/schema\/logo\/image\/\"}}]}<\/script>\n<!-- \/ Yoast SEO plugin. -->","yoast_head_json":{"title":"\u00c0 propos de Bioflash - Bioflash","description":"Bioflash, innovateurs en neurosciences et pionniers de l\u2019huile de krill. D\u00e9veloppeurs de la formule Synapset pour traiter les d\u00e9ficits d\u2019attention et d\u2019autres troubles cognitifs.","robots":{"index":"index","follow":"follow","max-snippet":"max-snippet:-1","max-image-preview":"max-image-preview:large","max-video-preview":"max-video-preview:-1"},"canonical":"https:\/\/bioflash.ca\/en\/a-propos-de-bioflash\/","og_locale":"en_US","og_type":"article","og_title":"\u00c0 propos de Bioflash - Bioflash","og_description":"Bioflash, innovateurs en neurosciences et pionniers de l\u2019huile de krill. D\u00e9veloppeurs de la formule Synapset pour traiter les d\u00e9ficits d\u2019attention et d\u2019autres troubles cognitifs.","og_url":"https:\/\/bioflash.ca\/en\/a-propos-de-bioflash\/","og_site_name":"Bioflash","article_modified_time":"2024-08-30T13:05:05+00:00","og_image":[{"url":"https:\/\/bioflash.ca\/wp-content\/uploads\/2024\/08\/popof-presente02.jpg"}],"twitter_card":"summary_large_image","twitter_misc":{"Est. reading time":"3 minutes"},"schema":{"@context":"https:\/\/schema.org","@graph":[{"@type":"WebPage","@id":"https:\/\/bioflash.ca\/a-propos-de-bioflash\/","url":"https:\/\/bioflash.ca\/a-propos-de-bioflash\/","name":"\u00c0 propos de Bioflash - Bioflash","isPartOf":{"@id":"https:\/\/bioflash.ca\/#website"},"primaryImageOfPage":{"@id":"https:\/\/bioflash.ca\/a-propos-de-bioflash\/#primaryimage"},"image":{"@id":"https:\/\/bioflash.ca\/a-propos-de-bioflash\/#primaryimage"},"thumbnailUrl":"https:\/\/bioflash.ca\/wp-content\/uploads\/2024\/08\/popof-presente02.jpg","datePublished":"2024-08-01T14:21:37+00:00","dateModified":"2024-08-30T13:05:05+00:00","description":"Bioflash, innovateurs en neurosciences et pionniers de l\u2019huile de krill. D\u00e9veloppeurs de la formule Synapset pour traiter les d\u00e9ficits d\u2019attention et d\u2019autres troubles cognitifs.","breadcrumb":{"@id":"https:\/\/bioflash.ca\/a-propos-de-bioflash\/#breadcrumb"},"inLanguage":"en-US","potentialAction":[{"@type":"ReadAction","target":["https:\/\/bioflash.ca\/a-propos-de-bioflash\/"]}]},{"@type":"ImageObject","inLanguage":"en-US","@id":"https:\/\/bioflash.ca\/a-propos-de-bioflash\/#primaryimage","url":"https:\/\/bioflash.ca\/wp-content\/uploads\/2024\/08\/popof-presente02.jpg","contentUrl":"https:\/\/bioflash.ca\/wp-content\/uploads\/2024\/08\/popof-presente02.jpg"},{"@type":"BreadcrumbList","@id":"https:\/\/bioflash.ca\/a-propos-de-bioflash\/#breadcrumb","itemListElement":[{"@type":"ListItem","position":1,"name":"Home","item":"https:\/\/bioflash.ca\/"},{"@type":"ListItem","position":2,"name":"Bioflash &#8211; qui sommes-nous?"}]},{"@type":"WebSite","@id":"https:\/\/bioflash.ca\/#website","url":"https:\/\/bioflash.ca\/","name":"Bioflash","description":"Allume avec Bioflash","publisher":{"@id":"https:\/\/bioflash.ca\/#organization"},"potentialAction":[{"@type":"SearchAction","target":{"@type":"EntryPoint","urlTemplate":"https:\/\/bioflash.ca\/?s={search_term_string}"},"query-input":"required name=search_term_string"}],"inLanguage":"en-US"},{"@type":"Organization","@id":"https:\/\/bioflash.ca\/#organization","name":"Bioflash","url":"https:\/\/bioflash.ca\/","logo":{"@type":"ImageObject","inLanguage":"en-US","@id":"https:\/\/bioflash.ca\/#\/schema\/logo\/image\/","url":"https:\/\/bioflash.ca\/wp-content\/uploads\/2024\/08\/logo-transp-oval.gif","contentUrl":"https:\/\/bioflash.ca\/wp-content\/uploads\/2024\/08\/logo-transp-oval.gif","width":341,"height":440,"caption":"Bioflash"},"image":{"@id":"https:\/\/bioflash.ca\/#\/schema\/logo\/image\/"}}]}},"_links":{"self":[{"href":"https:\/\/bioflash.ca\/en\/wp-json\/wp\/v2\/pages\/28"}],"collection":[{"href":"https:\/\/bioflash.ca\/en\/wp-json\/wp\/v2\/pages"}],"about":[{"href":"https:\/\/bioflash.ca\/en\/wp-json\/wp\/v2\/types\/page"}],"author":[{"embeddable":true,"href":"https:\/\/bioflash.ca\/en\/wp-json\/wp\/v2\/users\/1"}],"replies":[{"embeddable":true,"href":"https:\/\/bioflash.ca\/en\/wp-json\/wp\/v2\/comments?post=28"}],"version-history":[{"count":21,"href":"https:\/\/bioflash.ca\/en\/wp-json\/wp\/v2\/pages\/28\/revisions"}],"predecessor-version":[{"id":789,"href":"https:\/\/bioflash.ca\/en\/wp-json\/wp\/v2\/pages\/28\/revisions\/789"}],"wp:attachment":[{"href":"https:\/\/bioflash.ca\/en\/wp-json\/wp\/v2\/media?parent=28"}],"curies":[{"name":"wp","href":"https:\/\/api.w.org\/{rel}","templated":true}]}}