{"id":30,"date":"2024-08-01T10:21:59","date_gmt":"2024-08-01T14:21:59","guid":{"rendered":"https:\/\/bioflash.ca\/?page_id=30"},"modified":"2024-09-06T14:24:59","modified_gmt":"2024-09-06T18:24:59","slug":"tda-tdah","status":"publish","type":"page","link":"https:\/\/bioflash.ca\/en\/tda-tdah\/","title":{"rendered":"What is ADD\/ADHD?"},"content":{"rendered":"<div class=\"wp-block-group alignfull has-global-padding is-layout-constrained wp-container-core-group-is-layout-2 wp-block-group-is-layout-constrained\" style=\"margin-top:0;margin-bottom:0;padding-top:0;padding-right:var(--wp--preset--spacing--50);padding-bottom:var(--wp--preset--spacing--50);padding-left:var(--wp--preset--spacing--50)\"><figure style=\"aspect-ratio:auto;height:300px;\" class=\"wp-block-post-featured-image\"><img loading=\"lazy\" decoding=\"async\" width=\"2560\" height=\"1707\" src=\"https:\/\/bioflash.ca\/wp-content\/uploads\/2024\/08\/pexels-photo-7978262-scaled.jpeg\" class=\"attachment-post-thumbnail size-post-thumbnail wp-post-image\" alt=\"\" style=\"width:100%;height:100%;object-fit:cover;\" srcset=\"https:\/\/bioflash.ca\/wp-content\/uploads\/2024\/08\/pexels-photo-7978262-scaled.jpeg 2560w, https:\/\/bioflash.ca\/wp-content\/uploads\/2024\/08\/pexels-photo-7978262-300x200.jpeg 300w, https:\/\/bioflash.ca\/wp-content\/uploads\/2024\/08\/pexels-photo-7978262-1024x683.jpeg 1024w, https:\/\/bioflash.ca\/wp-content\/uploads\/2024\/08\/pexels-photo-7978262-768x512.jpeg 768w, https:\/\/bioflash.ca\/wp-content\/uploads\/2024\/08\/pexels-photo-7978262-1536x1024.jpeg 1536w, https:\/\/bioflash.ca\/wp-content\/uploads\/2024\/08\/pexels-photo-7978262-2048x1365.jpeg 2048w, https:\/\/bioflash.ca\/wp-content\/uploads\/2024\/08\/pexels-photo-7978262-18x12.jpeg 18w, https:\/\/bioflash.ca\/wp-content\/uploads\/2024\/08\/pexels-photo-7978262-600x400.jpeg 600w\" sizes=\"(max-width: 2560px) 100vw, 2560px\" \/><\/figure>\n\n<div class=\"wp-block-group link-underline-transition has-global-padding is-layout-constrained wp-container-core-group-is-layout-1 wp-block-group-is-layout-constrained\"><p class=\"has-medium-font-size\"><a href=\"#tda\"><br>What is attention deficit disorder and what causes it?  \u21d2<\/a><\/p>\n\n<hr class=\"wp-block-separator has-alpha-channel-opacity is-style-wide\"\/>\n\n<p class=\"has-medium-font-size\"><a href=\"#diete\">Learn more about Dietary Factors \u21d2<\/a><\/p>\n\n<hr class=\"wp-block-separator has-alpha-channel-opacity is-style-wide\"\/>\n\n<p class=\"has-medium-font-size\"><a href=\"#bioflash\">Why Bioflash\u2019s scientific approach is different? \u21d2<\/a><\/p>\n\n<hr class=\"wp-block-separator has-alpha-channel-opacity is-style-wide\"\/><\/div><\/div><div class=\"wp-block-group alignfull has-base-2-background-color has-background has-global-padding is-layout-constrained wp-container-core-group-is-layout-7 wp-block-group-is-layout-constrained\" id=\"tda\" style=\"margin-top:0;margin-bottom:0;padding-top:var(--wp--preset--spacing--60);padding-right:var(--wp--preset--spacing--50);padding-bottom:var(--wp--preset--spacing--60);padding-left:var(--wp--preset--spacing--50)\"><div class=\"wp-block-columns alignwide is-layout-flex wp-container-core-columns-is-layout-1 wp-block-columns-is-layout-flex\"><div class=\"wp-block-column is-vertically-aligned-top is-layout-flow wp-block-column-is-layout-flow\" style=\"padding-right:0;flex-basis:40%\"><div class=\"wp-block-group is-vertical is-content-justification-stretch is-layout-flex wp-container-core-group-is-layout-3 wp-block-group-is-layout-flex\" style=\"min-height:100%\"><figure class=\"wp-block-image size-full is-style-rounded fade-on-scroll is-style-rounded--93f636d35eccd7951e9183e55e76c298\"><img loading=\"lazy\" decoding=\"async\" width=\"2560\" height=\"1707\" src=\"https:\/\/bioflash.ca\/wp-content\/uploads\/2024\/08\/pexels-andrea-piacquadio-3769995-scaled.jpg\" alt=\"\" class=\"wp-image-649\" style=\"aspect-ratio:3\/4;object-fit:cover\" srcset=\"https:\/\/bioflash.ca\/wp-content\/uploads\/2024\/08\/pexels-andrea-piacquadio-3769995-scaled.jpg 2560w, https:\/\/bioflash.ca\/wp-content\/uploads\/2024\/08\/pexels-andrea-piacquadio-3769995-300x200.jpg 300w, https:\/\/bioflash.ca\/wp-content\/uploads\/2024\/08\/pexels-andrea-piacquadio-3769995-1024x683.jpg 1024w, https:\/\/bioflash.ca\/wp-content\/uploads\/2024\/08\/pexels-andrea-piacquadio-3769995-768x512.jpg 768w, https:\/\/bioflash.ca\/wp-content\/uploads\/2024\/08\/pexels-andrea-piacquadio-3769995-1536x1024.jpg 1536w, https:\/\/bioflash.ca\/wp-content\/uploads\/2024\/08\/pexels-andrea-piacquadio-3769995-2048x1365.jpg 2048w, https:\/\/bioflash.ca\/wp-content\/uploads\/2024\/08\/pexels-andrea-piacquadio-3769995-18x12.jpg 18w, https:\/\/bioflash.ca\/wp-content\/uploads\/2024\/08\/pexels-andrea-piacquadio-3769995-600x400.jpg 600w\" sizes=\"(max-width: 2560px) 100vw, 2560px\" \/><\/figure><\/div><\/div>\n\n<div class=\"wp-block-column is-layout-flow wp-block-column-is-layout-flow\" style=\"flex-basis:60%\"><div class=\"wp-block-group is-layout-flow wp-container-core-group-is-layout-6 wp-block-group-is-layout-flow\"><div class=\"wp-block-group link-underline-transition has-global-padding is-layout-constrained wp-container-core-group-is-layout-4 wp-block-group-is-layout-constrained\"><p class=\"has-small-font-size\"><a href=\"#\">Return to top<\/a><\/p>\n\n<h2 class=\"wp-block-heading\">What is attention deficit disorder and what causes it?<\/h2><\/div>\n\n<p style=\"font-size:clamp(0.957rem, 0.957rem + ((1vw - 0.2rem) * 0.822), 1.45rem);\">Let\u2019s start by saying that it\u2019s an imbalance in certain neurotransmitters in the brain caused by one or more nutritional deficiencies.<\/p>\n\n<hr class=\"wp-block-separator has-alpha-channel-opacity is-style-wide\"\/>\n\n<p>For example, several clinical studies have revealed a magnesium deficiency in children suffering from this disorder. This may be due to: a lack of magnesium in the diet, a defect in its absorption or even a lack of vitamin B6 which is involved in magnesium absorption. The chemical form of magnesium is important.<\/p>\n\n<p>Other<strong> dietary factors<\/strong> may also contribute to the imbalance of neurotransmitters responsible for attention deficit.<\/p>\n\n<div class=\"wp-block-group link-underline-transition has-global-padding is-layout-constrained wp-container-core-group-is-layout-5 wp-block-group-is-layout-constrained\"><p><a href=\"#diete\">Learn more about Dietary Factors \u21d2<\/a><\/p>\n\n<p><a href=\"#bioflash\">Why Bioflash\u2019s scientific approach is different? \u21d2<\/a><\/p><\/div><\/div><\/div><\/div><\/div><div class=\"wp-block-group alignfull has-global-padding is-layout-constrained wp-container-core-group-is-layout-18 wp-block-group-is-layout-constrained\" id=\"diete\" style=\"margin-top:0;margin-bottom:0;padding-top:var(--wp--preset--spacing--60);padding-right:var(--wp--preset--spacing--50);padding-bottom:var(--wp--preset--spacing--60);padding-left:var(--wp--preset--spacing--50)\"><div class=\"wp-block-group has-global-padding is-layout-constrained wp-container-core-group-is-layout-9 wp-block-group-is-layout-constrained\"><div class=\"wp-block-group link-underline-transition has-global-padding is-layout-constrained wp-container-core-group-is-layout-8 wp-block-group-is-layout-constrained\"><p class=\"has-small-font-size\"><a href=\"#\">Return to top<\/a><\/p>\n\n<h2 class=\"wp-block-heading\">Learn more about Dietary Factors<\/h2><\/div>\n\n<p style=\"font-size:clamp(0.957rem, 0.957rem + ((1vw - 0.2rem) * 0.822), 1.45rem);\">Let's see what is a <strong>cofactor<\/strong>. It's an element that activates an enzymatic reaction. Some of the cofactors listed below have been shown to be effective in clinical studies;<\/p>\n\n<hr class=\"wp-block-separator has-alpha-channel-opacity is-style-wide\"\/><\/div>\n\n<div class=\"wp-block-columns alignwide is-layout-flex wp-container-core-columns-is-layout-2 wp-block-columns-is-layout-flex\"><div class=\"wp-block-column is-layout-flow wp-block-column-is-layout-flow\" style=\"flex-basis:50%\"><div class=\"wp-block-group is-layout-flow wp-container-core-group-is-layout-14 wp-block-group-is-layout-flow\"><div class=\"wp-block-group has-global-padding is-layout-constrained wp-block-group-is-layout-constrained\"><h3 class=\"wp-block-heading\"><br>Cofactor 1: Magnesium<\/h3>\n\n<p>Many cases of attention deficit disorder are associated with magnesium deficiency. The general population suffers from magnesium deficiency. Indeed, Moussain-Bosc's excellent clinical studies of magnesium-deficient children showed that supplementing with this mineral could reverse certain disorders, including attention deficit disorders and aggressive behavior.<\/p><\/div>\n\n<div class=\"wp-block-group has-global-padding is-layout-constrained wp-block-group-is-layout-constrained\"><h3 class=\"wp-block-heading\"><br>Cofactor 2: Vitamin B6<\/h3>\n\n<p>As B6 is involved in the transport of Mg++ into cells, and Mg++ promotes the transport of B6, itself involved as a cofactor, each of the two cofactors amplifies the effects of the other.<\/p><\/div>\n\n<div class=\"wp-block-group has-global-padding is-layout-constrained wp-block-group-is-layout-constrained\"><h3 class=\"wp-block-heading\"><br>Cofactor 3: Zinc<\/h3>\n\n<p>Zinc is another cofactor essential for neurotransmitter synthesis and balance. Zn++ deficiency can cause attention deficit symptoms.<\/p><\/div>\n\n<div class=\"wp-block-group has-global-padding is-layout-constrained wp-block-group-is-layout-constrained\"><h3 class=\"wp-block-heading\"><br>Cofactor 4: Copper<\/h3>\n\n<p>Zinc supplementation can cause an imbalance in copper, which is also a cofactor involved in the manufacture of neurotransmitters.<\/p><\/div><\/div><\/div>\n\n<div class=\"wp-block-column is-vertically-aligned-top is-layout-flow wp-block-column-is-layout-flow\" style=\"padding-right:0;flex-basis:50%\"><div class=\"wp-block-group is-layout-flow wp-container-core-group-is-layout-17 wp-block-group-is-layout-flow\"><figure class=\"wp-block-image size-full is-style-rounded fade-on-scroll is-style-rounded--5ebb8eca734c42f6c7be02a9985afa09\"><img loading=\"lazy\" decoding=\"async\" width=\"1300\" height=\"867\" src=\"https:\/\/bioflash.ca\/wp-content\/uploads\/2024\/09\/happyperson03.jpg\" alt=\"\" class=\"wp-image-889\" style=\"aspect-ratio:3\/2;object-fit:cover\" srcset=\"https:\/\/bioflash.ca\/wp-content\/uploads\/2024\/09\/happyperson03.jpg 1300w, https:\/\/bioflash.ca\/wp-content\/uploads\/2024\/09\/happyperson03-300x200.jpg 300w, https:\/\/bioflash.ca\/wp-content\/uploads\/2024\/09\/happyperson03-1024x683.jpg 1024w, https:\/\/bioflash.ca\/wp-content\/uploads\/2024\/09\/happyperson03-768x512.jpg 768w, https:\/\/bioflash.ca\/wp-content\/uploads\/2024\/09\/happyperson03-18x12.jpg 18w, https:\/\/bioflash.ca\/wp-content\/uploads\/2024\/09\/happyperson03-600x400.jpg 600w\" sizes=\"(max-width: 1300px) 100vw, 1300px\" \/><\/figure>\n\n<div class=\"wp-block-group has-global-padding is-layout-constrained wp-block-group-is-layout-constrained\"><h3 class=\"wp-block-heading\"><br>Other Factor : Unsaturated Fatty Acids<\/h3>\n\n<p>Certain unsaturated (essential) fatty acids, which must be supplied by the diet. The mode of action of these fatty acids is poorly understood. We know, from clinical studies, that they are essential for maintaining the ability to concentrate and pay attention observed in cases of attention deficit and ADHD.<\/p><\/div>\n\n<hr class=\"wp-block-separator has-alpha-channel-opacity is-style-wide\"\/>\n\n<div class=\"wp-block-group has-global-padding is-layout-constrained wp-block-group-is-layout-constrained\"><p><strong>References<\/strong><\/p>\n\n<ol style=\"list-style-type:upper-roman\" class=\"wp-block-list is-style-default\"><li class=\"has-small-font-size\"><strong><a href=\"https:\/\/www.amazon.fr\/Hyperactivit%C3%A9-solution-magn%C3%A9sium-Marianne-Mousain-bosc\/dp\/2365491006\">Hyperactivity - The magnesium solution: Mousain-Bosc, Marian.<br><\/a><\/strong><em>Dr Mousain-Bosc shows how a treatment based on this mineral dramatically improves the daily life of hyperactive, autistic, epileptic children.<\/em><\/li><\/ol><\/div><\/div><\/div><\/div><\/div><div class=\"wp-block-group alignfull has-base-2-background-color has-background has-global-padding is-layout-constrained wp-container-core-group-is-layout-24 wp-block-group-is-layout-constrained\" id=\"bioflash\" style=\"margin-top:0;margin-bottom:0;padding-top:var(--wp--preset--spacing--60);padding-right:var(--wp--preset--spacing--50);padding-bottom:var(--wp--preset--spacing--60);padding-left:var(--wp--preset--spacing--50)\"><div class=\"wp-block-columns alignwide is-layout-flex wp-container-core-columns-is-layout-3 wp-block-columns-is-layout-flex\"><div class=\"wp-block-column is-layout-flow wp-block-column-is-layout-flow\" style=\"flex-basis:50%\"><div class=\"wp-block-group is-layout-flow wp-container-core-group-is-layout-21 wp-block-group-is-layout-flow\"><div class=\"wp-block-group link-underline-transition has-global-padding is-layout-constrained wp-container-core-group-is-layout-19 wp-block-group-is-layout-constrained\"><p class=\"has-small-font-size\"><a href=\"#\">Return to top<\/a><\/p>\n\n<h2 class=\"wp-block-heading\">Why Bioflash\u2019s scientific approach is different?<\/h2><\/div>\n\n<hr class=\"wp-block-separator has-alpha-channel-opacity is-style-wide\"\/>\n\n<div class=\"wp-block-group has-global-padding is-layout-constrained wp-block-group-is-layout-constrained\"><h3 class=\"wp-block-heading\">Why our products are so efficient with no side-effects?<\/h3>\n\n<p>Our products are aimed at restoring the balance (homeostasis) that normally exists in the brain. It is based on a biochemical scientific approach. More specifically, we target certain neurotransmitters that determine our emotions and behaviour. The natural ingredients that we introduce interact with the cell metabolism to restore the equilibrium.<\/p>\n\n<p>The results obtained with our novel formula led us to obtain a patent from the US patent Office. We also obtained a certification security number from Health Canada. Agency that ensures the natural ingredients are acceptable at the dose recommended.<\/p><\/div><\/div><\/div>\n\n<div class=\"wp-block-column is-vertically-aligned-top is-layout-flow wp-block-column-is-layout-flow\" style=\"padding-right:0;flex-basis:50%\"><div class=\"wp-block-group is-layout-flow wp-container-core-group-is-layout-23 wp-block-group-is-layout-flow\"><figure class=\"wp-block-image size-large fade-on-scroll\"><img loading=\"lazy\" decoding=\"async\" width=\"1024\" height=\"539\" src=\"https:\/\/bioflash.ca\/wp-content\/uploads\/2024\/08\/synapset-ingrediens-en.png\" alt=\"\" class=\"wp-image-410\" srcset=\"https:\/\/bioflash.ca\/wp-content\/uploads\/2024\/08\/synapset-ingrediens-en.png 1186w, https:\/\/bioflash.ca\/wp-content\/uploads\/2024\/08\/synapset-ingrediens-en-300x158.png 300w, https:\/\/bioflash.ca\/wp-content\/uploads\/2024\/08\/synapset-ingrediens-en-1024x539.png 1024w, https:\/\/bioflash.ca\/wp-content\/uploads\/2024\/08\/synapset-ingrediens-en-768x404.png 768w, https:\/\/bioflash.ca\/wp-content\/uploads\/2024\/08\/synapset-ingrediens-en-18x9.png 18w, https:\/\/bioflash.ca\/wp-content\/uploads\/2024\/08\/synapset-ingrediens-en-600x316.png 600w\" sizes=\"(max-width: 1024px) 100vw, 1024px\" \/><\/figure>\n\n<div class=\"wp-block-group has-global-padding is-layout-constrained wp-block-group-is-layout-constrained\"><h3 class=\"wp-block-heading\">What is Synapset and its formula<\/h3>\n\n<p>A new and unique patented formula bringing together cofactors in a well balanced chemical formula, at right concentration combined with polyunsaturated fatty acids allowing:<\/p>\n\n<ul class=\"wp-block-list is-style-checkmark-list\"><li>To correct nutritional deficiencies observed in individuals suffering from ADD\/ADHD: Magnesium. Zinc, Vitamin B6 and Omega 3 fatty acids<\/li>\n\n<li>Help support cognitive health and brain function<\/li>\n\n<li>Clinical studies have shown that children suffering from ADD\/ADHD were deficient in certain Omega-3 and that an addition of EPA to their diet had a positive impact on their behavior<\/li><\/ul>\n\n<p>Treated individuals found new mental acuity, new well-being with an improved ability to concentrate.<\/p><\/div><\/div><\/div><\/div><\/div>","protected":false},"excerpt":{"rendered":"<p>C\u2019est quoi le deficit d\u2019attention et ses causes? \u21d2 En savoir plus sur les facteurs alimentaires \u21d2 Pourquoi l\u2019approche scientifique de Bioflash est diff\u00e9rente? \u21d2 Retour au d\u00e9but C\u2019est quoi le deficit d\u2019attention et ses causes? Commen\u00e7ons par dire qu\u2019il s\u2019agit d\u2019un d\u00e9s\u00e9quilibre de certains neurotransmetteurs du cerveau caus\u00e9 par une ou plusieurs carences nutritionnelles. [&hellip;]<\/p>","protected":false},"author":1,"featured_media":656,"parent":0,"menu_order":0,"comment_status":"closed","ping_status":"closed","template":"","meta":{"footnotes":""},"class_list":["post-30","page","type-page","status-publish","has-post-thumbnail","hentry"],"yoast_head":"<!-- This site is optimized with the Yoast SEO plugin v23.3 - https:\/\/yoast.com\/wordpress\/plugins\/seo\/ -->\n<title>Qu&#039;est-ce que le TDA\/TDAH? - Bioflash<\/title>\n<meta name=\"description\" content=\"C\u2019est quoi le deficit d\u2019attention et ses causes? Comment le TDA\/TDAH peut \u00eatre associ\u00e9 \u00e0 une d\u00e9ficience alimentaire? Pourquoi l\u2019approche scientifique de Bioflash est diff\u00e9rente ?\" \/>\n<meta name=\"robots\" content=\"index, follow, max-snippet:-1, max-image-preview:large, max-video-preview:-1\" \/>\n<link rel=\"canonical\" href=\"https:\/\/bioflash.ca\/en\/tda-tdah\/\" \/>\n<meta property=\"og:locale\" content=\"en_US\" \/>\n<meta property=\"og:type\" content=\"article\" \/>\n<meta property=\"og:title\" content=\"Qu&#039;est-ce que le TDA\/TDAH? - Bioflash\" \/>\n<meta property=\"og:description\" content=\"C\u2019est quoi le deficit d\u2019attention et ses causes? Comment le TDA\/TDAH peut \u00eatre associ\u00e9 \u00e0 une d\u00e9ficience alimentaire? Pourquoi l\u2019approche scientifique de Bioflash est diff\u00e9rente ?\" \/>\n<meta property=\"og:url\" content=\"https:\/\/bioflash.ca\/en\/tda-tdah\/\" \/>\n<meta property=\"og:site_name\" content=\"Bioflash\" \/>\n<meta property=\"article:modified_time\" content=\"2024-09-06T18:24:59+00:00\" \/>\n<meta property=\"og:image\" content=\"https:\/\/bioflash.ca\/wp-content\/uploads\/2024\/08\/pexels-photo-7978262-scaled.jpeg\" \/>\n\t<meta property=\"og:image:width\" content=\"2560\" \/>\n\t<meta property=\"og:image:height\" content=\"1707\" \/>\n\t<meta property=\"og:image:type\" content=\"image\/jpeg\" \/>\n<meta name=\"twitter:card\" content=\"summary_large_image\" \/>\n<meta name=\"twitter:label1\" content=\"Est. reading time\" \/>\n\t<meta name=\"twitter:data1\" content=\"5 minutes\" \/>\n<script type=\"application\/ld+json\" class=\"yoast-schema-graph\">{\"@context\":\"https:\/\/schema.org\",\"@graph\":[{\"@type\":\"WebPage\",\"@id\":\"https:\/\/bioflash.ca\/tda-tdah\/\",\"url\":\"https:\/\/bioflash.ca\/tda-tdah\/\",\"name\":\"Qu'est-ce que le TDA\/TDAH? - Bioflash\",\"isPartOf\":{\"@id\":\"https:\/\/bioflash.ca\/#website\"},\"primaryImageOfPage\":{\"@id\":\"https:\/\/bioflash.ca\/tda-tdah\/#primaryimage\"},\"image\":{\"@id\":\"https:\/\/bioflash.ca\/tda-tdah\/#primaryimage\"},\"thumbnailUrl\":\"https:\/\/bioflash.ca\/wp-content\/uploads\/2024\/08\/pexels-photo-7978262-scaled.jpeg\",\"datePublished\":\"2024-08-01T14:21:59+00:00\",\"dateModified\":\"2024-09-06T18:24:59+00:00\",\"description\":\"C\u2019est quoi le deficit d\u2019attention et ses causes? Comment le TDA\/TDAH peut \u00eatre associ\u00e9 \u00e0 une d\u00e9ficience alimentaire? Pourquoi l\u2019approche scientifique de Bioflash est diff\u00e9rente ?\",\"breadcrumb\":{\"@id\":\"https:\/\/bioflash.ca\/tda-tdah\/#breadcrumb\"},\"inLanguage\":\"en-US\",\"potentialAction\":[{\"@type\":\"ReadAction\",\"target\":[\"https:\/\/bioflash.ca\/tda-tdah\/\"]}]},{\"@type\":\"ImageObject\",\"inLanguage\":\"en-US\",\"@id\":\"https:\/\/bioflash.ca\/tda-tdah\/#primaryimage\",\"url\":\"https:\/\/bioflash.ca\/wp-content\/uploads\/2024\/08\/pexels-photo-7978262-scaled.jpeg\",\"contentUrl\":\"https:\/\/bioflash.ca\/wp-content\/uploads\/2024\/08\/pexels-photo-7978262-scaled.jpeg\",\"width\":2560,\"height\":1707},{\"@type\":\"BreadcrumbList\",\"@id\":\"https:\/\/bioflash.ca\/tda-tdah\/#breadcrumb\",\"itemListElement\":[{\"@type\":\"ListItem\",\"position\":1,\"name\":\"Home\",\"item\":\"https:\/\/bioflash.ca\/\"},{\"@type\":\"ListItem\",\"position\":2,\"name\":\"Qu&rsquo;est-ce que le TDA\/TDAH?\"}]},{\"@type\":\"WebSite\",\"@id\":\"https:\/\/bioflash.ca\/#website\",\"url\":\"https:\/\/bioflash.ca\/\",\"name\":\"Bioflash\",\"description\":\"Allume avec Bioflash\",\"publisher\":{\"@id\":\"https:\/\/bioflash.ca\/#organization\"},\"potentialAction\":[{\"@type\":\"SearchAction\",\"target\":{\"@type\":\"EntryPoint\",\"urlTemplate\":\"https:\/\/bioflash.ca\/?s={search_term_string}\"},\"query-input\":\"required name=search_term_string\"}],\"inLanguage\":\"en-US\"},{\"@type\":\"Organization\",\"@id\":\"https:\/\/bioflash.ca\/#organization\",\"name\":\"Bioflash\",\"url\":\"https:\/\/bioflash.ca\/\",\"logo\":{\"@type\":\"ImageObject\",\"inLanguage\":\"en-US\",\"@id\":\"https:\/\/bioflash.ca\/#\/schema\/logo\/image\/\",\"url\":\"https:\/\/bioflash.ca\/wp-content\/uploads\/2024\/08\/logo-transp-oval.gif\",\"contentUrl\":\"https:\/\/bioflash.ca\/wp-content\/uploads\/2024\/08\/logo-transp-oval.gif\",\"width\":341,\"height\":440,\"caption\":\"Bioflash\"},\"image\":{\"@id\":\"https:\/\/bioflash.ca\/#\/schema\/logo\/image\/\"}}]}<\/script>\n<!-- \/ Yoast SEO plugin. -->","yoast_head_json":{"title":"Qu'est-ce que le TDA\/TDAH? - Bioflash","description":"C\u2019est quoi le deficit d\u2019attention et ses causes? Comment le TDA\/TDAH peut \u00eatre associ\u00e9 \u00e0 une d\u00e9ficience alimentaire? Pourquoi l\u2019approche scientifique de Bioflash est diff\u00e9rente ?","robots":{"index":"index","follow":"follow","max-snippet":"max-snippet:-1","max-image-preview":"max-image-preview:large","max-video-preview":"max-video-preview:-1"},"canonical":"https:\/\/bioflash.ca\/en\/tda-tdah\/","og_locale":"en_US","og_type":"article","og_title":"Qu'est-ce que le TDA\/TDAH? - Bioflash","og_description":"C\u2019est quoi le deficit d\u2019attention et ses causes? Comment le TDA\/TDAH peut \u00eatre associ\u00e9 \u00e0 une d\u00e9ficience alimentaire? Pourquoi l\u2019approche scientifique de Bioflash est diff\u00e9rente ?","og_url":"https:\/\/bioflash.ca\/en\/tda-tdah\/","og_site_name":"Bioflash","article_modified_time":"2024-09-06T18:24:59+00:00","og_image":[{"width":2560,"height":1707,"url":"https:\/\/bioflash.ca\/wp-content\/uploads\/2024\/08\/pexels-photo-7978262-scaled.jpeg","type":"image\/jpeg"}],"twitter_card":"summary_large_image","twitter_misc":{"Est. reading time":"5 minutes"},"schema":{"@context":"https:\/\/schema.org","@graph":[{"@type":"WebPage","@id":"https:\/\/bioflash.ca\/tda-tdah\/","url":"https:\/\/bioflash.ca\/tda-tdah\/","name":"Qu'est-ce que le TDA\/TDAH? - Bioflash","isPartOf":{"@id":"https:\/\/bioflash.ca\/#website"},"primaryImageOfPage":{"@id":"https:\/\/bioflash.ca\/tda-tdah\/#primaryimage"},"image":{"@id":"https:\/\/bioflash.ca\/tda-tdah\/#primaryimage"},"thumbnailUrl":"https:\/\/bioflash.ca\/wp-content\/uploads\/2024\/08\/pexels-photo-7978262-scaled.jpeg","datePublished":"2024-08-01T14:21:59+00:00","dateModified":"2024-09-06T18:24:59+00:00","description":"C\u2019est quoi le deficit d\u2019attention et ses causes? Comment le TDA\/TDAH peut \u00eatre associ\u00e9 \u00e0 une d\u00e9ficience alimentaire? Pourquoi l\u2019approche scientifique de Bioflash est diff\u00e9rente ?","breadcrumb":{"@id":"https:\/\/bioflash.ca\/tda-tdah\/#breadcrumb"},"inLanguage":"en-US","potentialAction":[{"@type":"ReadAction","target":["https:\/\/bioflash.ca\/tda-tdah\/"]}]},{"@type":"ImageObject","inLanguage":"en-US","@id":"https:\/\/bioflash.ca\/tda-tdah\/#primaryimage","url":"https:\/\/bioflash.ca\/wp-content\/uploads\/2024\/08\/pexels-photo-7978262-scaled.jpeg","contentUrl":"https:\/\/bioflash.ca\/wp-content\/uploads\/2024\/08\/pexels-photo-7978262-scaled.jpeg","width":2560,"height":1707},{"@type":"BreadcrumbList","@id":"https:\/\/bioflash.ca\/tda-tdah\/#breadcrumb","itemListElement":[{"@type":"ListItem","position":1,"name":"Home","item":"https:\/\/bioflash.ca\/"},{"@type":"ListItem","position":2,"name":"Qu&rsquo;est-ce que le TDA\/TDAH?"}]},{"@type":"WebSite","@id":"https:\/\/bioflash.ca\/#website","url":"https:\/\/bioflash.ca\/","name":"Bioflash","description":"Allume avec Bioflash","publisher":{"@id":"https:\/\/bioflash.ca\/#organization"},"potentialAction":[{"@type":"SearchAction","target":{"@type":"EntryPoint","urlTemplate":"https:\/\/bioflash.ca\/?s={search_term_string}"},"query-input":"required name=search_term_string"}],"inLanguage":"en-US"},{"@type":"Organization","@id":"https:\/\/bioflash.ca\/#organization","name":"Bioflash","url":"https:\/\/bioflash.ca\/","logo":{"@type":"ImageObject","inLanguage":"en-US","@id":"https:\/\/bioflash.ca\/#\/schema\/logo\/image\/","url":"https:\/\/bioflash.ca\/wp-content\/uploads\/2024\/08\/logo-transp-oval.gif","contentUrl":"https:\/\/bioflash.ca\/wp-content\/uploads\/2024\/08\/logo-transp-oval.gif","width":341,"height":440,"caption":"Bioflash"},"image":{"@id":"https:\/\/bioflash.ca\/#\/schema\/logo\/image\/"}}]}},"_links":{"self":[{"href":"https:\/\/bioflash.ca\/en\/wp-json\/wp\/v2\/pages\/30"}],"collection":[{"href":"https:\/\/bioflash.ca\/en\/wp-json\/wp\/v2\/pages"}],"about":[{"href":"https:\/\/bioflash.ca\/en\/wp-json\/wp\/v2\/types\/page"}],"author":[{"embeddable":true,"href":"https:\/\/bioflash.ca\/en\/wp-json\/wp\/v2\/users\/1"}],"replies":[{"embeddable":true,"href":"https:\/\/bioflash.ca\/en\/wp-json\/wp\/v2\/comments?post=30"}],"version-history":[{"count":70,"href":"https:\/\/bioflash.ca\/en\/wp-json\/wp\/v2\/pages\/30\/revisions"}],"predecessor-version":[{"id":894,"href":"https:\/\/bioflash.ca\/en\/wp-json\/wp\/v2\/pages\/30\/revisions\/894"}],"wp:featuredmedia":[{"embeddable":true,"href":"https:\/\/bioflash.ca\/en\/wp-json\/wp\/v2\/media\/656"}],"wp:attachment":[{"href":"https:\/\/bioflash.ca\/en\/wp-json\/wp\/v2\/media?parent=30"}],"curies":[{"name":"wp","href":"https:\/\/api.w.org\/{rel}","templated":true}]}}